{"id":887,"date":"2025-11-23T13:53:30","date_gmt":"2025-11-23T13:53:30","guid":{"rendered":"https:\/\/www.pixelmaphoto.com\/?page_id=887"},"modified":"2025-11-23T14:42:11","modified_gmt":"2025-11-23T14:42:11","slug":"destinations","status":"publish","type":"page","link":"https:\/\/www.pixelmaphoto.com\/index.php\/destinations\/","title":{"rendered":"Destinations"},"content":{"rendered":"\n<p><\/p>\n\n\n\n<div class=\"wp-block-query is-layout-flow wp-block-query-is-layout-flow\"><ul class=\"columns-3 wp-block-post-template is-layout-grid wp-container-core-post-template-is-layout-2fc57c17 wp-block-post-template-is-layout-grid\"><li class=\"wp-block-post post-541 post type-post status-publish format-standard hentry category-polynesie-francaise category-uncategorized\">\n\n<div class=\"wp-block-group\" style=\"padding-top:30px;padding-right:30px;padding-bottom:30px;padding-left:30px\"><div class=\"wp-block-group__inner-container is-layout-flow wp-block-group-is-layout-flow\"><h2 class=\"wp-block-post-title\"><a href=\"https:\/\/www.pixelmaphoto.com\/index.php\/2017\/03\/19\/10-activites-a-faire-a-moorea\/\" target=\"_self\" >5 activit\u00e9s \u00e0 faire \u00e0  Moorea<\/a><\/h2>\n\n<div class=\"wp-block-post-excerpt\"><p class=\"wp-block-post-excerpt__excerpt\">#1 &#8211; Le jardin de Corail Quoi de plus agr\u00e9able que de se mettre \u00e0 l&rsquo;eau, quand la temp\u00e9rature ext\u00e9rieure est de 33\u00b0C. C&rsquo;est l&rsquo;occasion\u00a0\u00a0d&rsquo;observer l&rsquo;un des\u00a0 plus beaux jardins de corail de Moorea. Situ\u00e9 au nord-est, dans le village de Haapiti, il se cache derri\u00e8re un petit motu artificiel et est accessible facilement depuis\u2026 <\/p><\/div>\n\n<div class=\"wp-block-post-date\"><time datetime=\"2017-03-19T13:46:52+00:00\">mars 19, 2017<\/time><\/div><\/div><\/div>\n\n<\/li><li class=\"wp-block-post post-678 post type-post status-publish format-standard hentry category-france category-uncategorized\">\n\n<div class=\"wp-block-group\" style=\"padding-top:30px;padding-right:30px;padding-bottom:30px;padding-left:30px\"><div class=\"wp-block-group__inner-container is-layout-flow wp-block-group-is-layout-flow\"><h2 class=\"wp-block-post-title\"><a href=\"https:\/\/www.pixelmaphoto.com\/index.php\/2016\/05\/01\/presqu-ile-disolella-petit-paradis-corse\/\" target=\"_self\" >Presqu&rsquo;\u00eele d&rsquo;Isolella&#8230; petit paradis en Corse<\/a><\/h2>\n\n<div class=\"wp-block-post-excerpt\"><p class=\"wp-block-post-excerpt__excerpt\">D\u00e9part d&rsquo;Ajaccio vers la presqu&rsquo;\u00eele d&rsquo;Isolella. Je prends la route en direction de Porticcio pour atteindre le rond-pont du Ruppione\u00a0qui\u00a0est l&rsquo;acc\u00e8s \u00e0 la presqu&rsquo;\u00eele d&rsquo;Isolella. Je me stationne quelques centaines de m\u00e8tres plus loin et continue \u00e0 pied. D\u00e8s lors, \u00a0je d\u00e9cide de rejoindre la plage par l&rsquo;un des petits sentiers pr\u00e9sents sur ma droite.\u2026 <\/p><\/div>\n\n<div class=\"wp-block-post-date\"><time datetime=\"2016-05-01T14:45:37+00:00\">mai 1, 2016<\/time><\/div><\/div><\/div>\n\n<\/li><li class=\"wp-block-post post-644 post type-post status-publish format-standard hentry category-france category-uncategorized\">\n\n<div class=\"wp-block-group\" style=\"padding-top:30px;padding-right:30px;padding-bottom:30px;padding-left:30px\"><div class=\"wp-block-group__inner-container is-layout-flow wp-block-group-is-layout-flow\"><h2 class=\"wp-block-post-title\"><a href=\"https:\/\/www.pixelmaphoto.com\/index.php\/2016\/04\/26\/cascade-anglais-gr-20\/\" target=\"_self\" >La cascade des Anglais sur le GR 20<\/a><\/h2>\n\n<div class=\"wp-block-post-excerpt\"><p class=\"wp-block-post-excerpt__excerpt\">La cascade des Anglais : Une randonn\u00e9e familiale. Aujourd&rsquo;hui, je prends la route pour aller d\u00e9couvrir la cascade des Anglais. Allez hop, en voiture! Pour 1 heure env. en direction de la\u00a0Gare de Vizzavona. C&rsquo;est ici le d\u00e9part pour cette petite randonn\u00e9e. Arriv\u00e9e \u00e0 la gare, je trouve de la\u00a0place pour stationner\u00a0ainsi que deux bar-restaurants.\u00a0Il\u2026 <\/p><\/div>\n\n<div class=\"wp-block-post-date\"><time datetime=\"2016-04-26T14:55:24+00:00\">avril 26, 2016<\/time><\/div><\/div><\/div>\n\n<\/li><li class=\"wp-block-post post-771 post type-post status-publish format-standard hentry category-espagne category-uncategorized\">\n\n<div class=\"wp-block-group\" style=\"padding-top:30px;padding-right:30px;padding-bottom:30px;padding-left:30px\"><div class=\"wp-block-group__inner-container is-layout-flow wp-block-group-is-layout-flow\"><h2 class=\"wp-block-post-title\"><a href=\"https:\/\/www.pixelmaphoto.com\/index.php\/2013\/05\/16\/ojos-plonger-cenotes\/\" target=\"_self\" >Dos Ojos : Plonger en Cenotes<\/a><\/h2>\n\n<div class=\"wp-block-post-excerpt\"><p class=\"wp-block-post-excerpt__excerpt\">Plonger en Cenotes est une chose \u00e0 faire au moins une fois dans sa vie de plongeur. C&rsquo;est une exp\u00e9rience unique. Cela peut \u00e0 la fois \u00eatre intimidant et excitant. Apr\u00e8s quinze \u00e0 vingt minutes de piste minimum dans la jungle, on acc\u00e8de aux Cenotes de Dos Ojos. On en trouve\u00a0de toutes sortes. Des grands\u2026 <\/p><\/div>\n\n<div class=\"wp-block-post-date\"><time datetime=\"2013-05-16T21:59:46+00:00\">mai 16, 2013<\/time><\/div><\/div><\/div>\n\n<\/li><li class=\"wp-block-post post-587 post type-post status-publish format-standard hentry category-mexique category-uncategorized\">\n\n<div class=\"wp-block-group\" style=\"padding-top:30px;padding-right:30px;padding-bottom:30px;padding-left:30px\"><div class=\"wp-block-group__inner-container is-layout-flow wp-block-group-is-layout-flow\"><h2 class=\"wp-block-post-title\"><a href=\"https:\/\/www.pixelmaphoto.com\/index.php\/2013\/02\/22\/tulum-et-playa-del-carmen\/\" target=\"_self\" >Tulum et Playa del Carmen<\/a><\/h2>\n\n<div class=\"wp-block-post-excerpt\"><p class=\"wp-block-post-excerpt__excerpt\">En route pour Tulum Ce matin, direction Tulum et son site arch\u00e9ologique en bord de plage. Nous nous y rendons par nos propres moyens pour une totale libert\u00e9\u00a0concernant l&rsquo;organisation de la journ\u00e9e. Notre h\u00f4tel \u00e9tant situ\u00e9 ente Playa del Carmen et Tulum et \u00a0cela s&rsquo;av\u00e8re relativement simple. Les transports en commun fonctionnent de la mani\u00e8re\u2026 <\/p><\/div>\n\n<div class=\"wp-block-post-date\"><time datetime=\"2013-02-22T12:29:45+00:00\">f\u00e9vrier 22, 2013<\/time><\/div><\/div><\/div>\n\n<\/li><li class=\"wp-block-post post-1 post type-post status-publish format-standard hentry category-madagascar category-uncategorized\">\n\n<div class=\"wp-block-group\" style=\"padding-top:30px;padding-right:30px;padding-bottom:30px;padding-left:30px\"><div class=\"wp-block-group__inner-container is-layout-flow wp-block-group-is-layout-flow\"><h2 class=\"wp-block-post-title\"><a href=\"https:\/\/www.pixelmaphoto.com\/index.php\/2011\/10\/06\/la-baie-de-diego-suarez\/\" target=\"_self\" >La Baie de Diego Suarez<\/a><\/h2>\n\n<div class=\"wp-block-post-excerpt\"><p class=\"wp-block-post-excerpt__excerpt\">La majestueuse baie de Diego Suarez La baie de Diego Suarez est une des plus belles baies au monde. Un arr\u00eat\u00a0s\u2019impose pour en profiter pleinement.. La route menant du centre-ville\u00a0\u00e0 la plage de Ramena longe la baie\u00a0et les h\u00f4tels bordant la route offrent\u00a0une vue imprenable sur le pain de sucre. Cette montagne sacr\u00e9e, qui se\u2026 <\/p><\/div>\n\n<div class=\"wp-block-post-date\"><time datetime=\"2011-10-06T13:39:39+00:00\">octobre 6, 2011<\/time><\/div><\/div><\/div>\n\n<\/li><li class=\"wp-block-post post-697 post type-post status-publish format-standard hentry category-espagne category-uncategorized\">\n\n<div class=\"wp-block-group\" style=\"padding-top:30px;padding-right:30px;padding-bottom:30px;padding-left:30px\"><div class=\"wp-block-group__inner-container is-layout-flow wp-block-group-is-layout-flow\"><h2 class=\"wp-block-post-title\"><a href=\"https:\/\/www.pixelmaphoto.com\/index.php\/2010\/05\/16\/gaudi-casa-mila-casa-batlo\/\" target=\"_self\" >Gaudi : La Casa Mila et la Casa Batlo<\/a><\/h2>\n\n<div class=\"wp-block-post-excerpt\"><p class=\"wp-block-post-excerpt__excerpt\">On ne peut pas venir \u00e0 Barcelone sans visiter au moins l&rsquo;une des CASA imagin\u00e9es\u00a0\u00a0par Gaudi. Elles sont toutes diff\u00e9rentes mais aussi surprenantes les unes que les autres. La Casa Mila (la Pedrera) Pas de ligne droite pour ce b\u00e2timent, mais uniquement des courbes&#8230; simplement fascinant! Bien que l&rsquo;on ne puisse pas visiter la totalit\u00e9\u2026 <\/p><\/div>\n\n<div class=\"wp-block-post-date\"><time datetime=\"2010-05-16T20:54:04+00:00\">mai 16, 2010<\/time><\/div><\/div><\/div>\n\n<\/li><\/ul><\/div>\n","protected":false},"excerpt":{"rendered":"","protected":false},"author":1,"featured_media":0,"parent":0,"menu_order":0,"comment_status":"closed","ping_status":"closed","template":"","meta":{"footnotes":""},"class_list":["post-887","page","type-page","status-publish","hentry"],"aioseo_notices":[],"_links":{"self":[{"href":"https:\/\/www.pixelmaphoto.com\/index.php\/wp-json\/wp\/v2\/pages\/887","targetHints":{"allow":["GET"]}}],"collection":[{"href":"https:\/\/www.pixelmaphoto.com\/index.php\/wp-json\/wp\/v2\/pages"}],"about":[{"href":"https:\/\/www.pixelmaphoto.com\/index.php\/wp-json\/wp\/v2\/types\/page"}],"author":[{"embeddable":true,"href":"https:\/\/www.pixelmaphoto.com\/index.php\/wp-json\/wp\/v2\/users\/1"}],"replies":[{"embeddable":true,"href":"https:\/\/www.pixelmaphoto.com\/index.php\/wp-json\/wp\/v2\/comments?post=887"}],"version-history":[{"count":5,"href":"https:\/\/www.pixelmaphoto.com\/index.php\/wp-json\/wp\/v2\/pages\/887\/revisions"}],"predecessor-version":[{"id":922,"href":"https:\/\/www.pixelmaphoto.com\/index.php\/wp-json\/wp\/v2\/pages\/887\/revisions\/922"}],"wp:attachment":[{"href":"https:\/\/www.pixelmaphoto.com\/index.php\/wp-json\/wp\/v2\/media?parent=887"}],"curies":[{"name":"wp","href":"https:\/\/api.w.org\/{rel}","templated":true}]}}