{"id":487,"date":"2025-06-30T19:33:16","date_gmt":"2025-06-30T19:33:16","guid":{"rendered":"http:\/\/www.pixelmaphoto.com\/?page_id=487"},"modified":"2025-11-23T11:40:47","modified_gmt":"2025-11-23T11:40:47","slug":"a-propos","status":"publish","type":"page","link":"https:\/\/www.pixelmaphoto.com\/","title":{"rendered":"Qui suis-je?"},"content":{"rendered":"\n<div class=\"wp-block-group is-nowrap is-layout-flex wp-container-core-group-is-layout-ad2f72ca wp-block-group-is-layout-flex\">\n<p>Bonjour, je suis Emmanuelle et je suis passionn\u00e9e depuis toujours par la d\u00e9couvertes de nouvelles destinations et de leurs cultures.<br><br>Je me souviens, \u00e0 8 ans d\u00e9j\u00e0, j&rsquo;attendais avec impatience le moment du d\u00e9part en vacances, chaque \u00e9t\u00e9 en famille, jouant les copilotes avec ma carte routi\u00e8re dans la voiture pour guider mon papa lors des 1200 km de route qui nous menaient vers la C\u00f4te d&rsquo;Azur. Et, oui, \u00e7a amusait toute la famille&#8230; Une fois sur place, je ne quittais plus mon appareil photo pour capturer les plus beaux paysages.<\/p>\n<\/div>\n\n\n\n<p>C&rsquo;est donc naturellement que je suis devenue photographe \u00e0 19 ans et que  j&rsquo;ai commenc\u00e9 \u00e0 parcourir plusieurs r\u00e9gions de France et quelques villes d&rsquo;Europe, lors de mes cong\u00e9s, avec une envie toujours plus grande de voyager.<\/p>\n\n\n\n<p>En 2010, j&rsquo;ai effectu\u00e9 mon premier voyage long-courrier. Direction Madagascar pour 2 semaines&#8230; Et \u00e0 ce moment, c&rsquo;est devenu une \u00e9vidence. Le voyage est devenu mon moteur, ma bulle d&rsquo;oxyg\u00e8ne&#8230;<\/p>\n\n\n\n<p>Trois ans plus tard, je quittais ma Normandie natale pour une nouvelle vie en Corse et une r\u00e9orientation dans le tourisme. M\u00eame si je ne connais pas encore tous les tr\u00e9sors cach\u00e9s de Corse, je dois dire que j&rsquo;ai beaucoup boug\u00e9 et je continue \u00e0 le faire. <\/p>\n\n\n\n<p>En parall\u00e8le, je continue \u00e0 d\u00e9couvrir de nouvelles destinations sur de courtes p\u00e9riodes. <\/p>\n\n\n\n<p>J&rsquo;esp\u00e8re que mes photos et r\u00e9cits de voyage vous donneront envie commencer ou de continuer \u00e0 voyager en Corse ou ailleurs dans le monde.<\/p>\n\n\n<div class=\"wp-block-image is-style-rounded\">\n<figure class=\"alignright size-full\"><img decoding=\"async\" width=\"200\" height=\"201\" src=\"https:\/\/www.pixelmaphoto.com\/wp-content\/uploads\/2025\/11\/portrait-emma-200px.jpg\" alt=\"\" class=\"wp-image-837\" srcset=\"https:\/\/www.pixelmaphoto.com\/wp-content\/uploads\/2025\/11\/portrait-emma-200px.jpg 200w, https:\/\/www.pixelmaphoto.com\/wp-content\/uploads\/2025\/11\/portrait-emma-200px-150x150.jpg 150w\" sizes=\"(max-width: 200px) 100vw, 200px\" \/><\/figure>\n<\/div>\n\n\n<p class=\"has-text-align-right\"><\/p>\n","protected":false},"excerpt":{"rendered":"<p>Bonjour, je suis Emmanuelle et je suis passionn\u00e9e depuis toujours par la d\u00e9couvertes de nouvelles destinations et de leurs cultures. Je me souviens, \u00e0 8 ans d\u00e9j\u00e0, j&rsquo;attendais avec impatience le moment du d\u00e9part en vacances, chaque \u00e9t\u00e9 en famille, jouant les copilotes avec ma carte routi\u00e8re dans la voiture pour guider mon papa lors <a class=\"read-more\" href=\"https:\/\/www.pixelmaphoto.com\/\">READ MORE<\/a><\/p>\n","protected":false},"author":1,"featured_media":0,"parent":0,"menu_order":0,"comment_status":"closed","ping_status":"closed","template":"","meta":{"footnotes":""},"class_list":["post-487","page","type-page","status-publish","hentry"],"aioseo_notices":[],"_links":{"self":[{"href":"https:\/\/www.pixelmaphoto.com\/index.php\/wp-json\/wp\/v2\/pages\/487","targetHints":{"allow":["GET"]}}],"collection":[{"href":"https:\/\/www.pixelmaphoto.com\/index.php\/wp-json\/wp\/v2\/pages"}],"about":[{"href":"https:\/\/www.pixelmaphoto.com\/index.php\/wp-json\/wp\/v2\/types\/page"}],"author":[{"embeddable":true,"href":"https:\/\/www.pixelmaphoto.com\/index.php\/wp-json\/wp\/v2\/users\/1"}],"replies":[{"embeddable":true,"href":"https:\/\/www.pixelmaphoto.com\/index.php\/wp-json\/wp\/v2\/comments?post=487"}],"version-history":[{"count":13,"href":"https:\/\/www.pixelmaphoto.com\/index.php\/wp-json\/wp\/v2\/pages\/487\/revisions"}],"predecessor-version":[{"id":848,"href":"https:\/\/www.pixelmaphoto.com\/index.php\/wp-json\/wp\/v2\/pages\/487\/revisions\/848"}],"wp:attachment":[{"href":"https:\/\/www.pixelmaphoto.com\/index.php\/wp-json\/wp\/v2\/media?parent=487"}],"curies":[{"name":"wp","href":"https:\/\/api.w.org\/{rel}","templated":true}]}}